{"id":2140,"date":"2018-12-12T11:04:19","date_gmt":"2018-12-12T11:04:19","guid":{"rendered":"https:\/\/www.cvsanfernando.com\/rgpd\/"},"modified":"2018-12-12T11:04:19","modified_gmt":"2018-12-12T11:04:19","slug":"rgpd","status":"publish","type":"page","link":"https:\/\/www.cvsanfernando.com\/en\/rgpd\/","title":{"rendered":"INFORMACI\u00d3N ADICIONAL SOBRE PROTECCION DE DATOS"},"content":{"rendered":"<p>[et_pb_section fb_built=&#8221;1&#8243; admin_label=&#8221;section&#8221; _builder_version=&#8221;4.16&#8243; global_colors_info=&#8221;{}&#8221;][et_pb_row admin_label=&#8221;row&#8221; _builder_version=&#8221;4.16&#8243; background_size=&#8221;initial&#8221; background_position=&#8221;top_left&#8221; background_repeat=&#8221;repeat&#8221; global_colors_info=&#8221;{}&#8221;][et_pb_column type=&#8221;4_4&#8243; _builder_version=&#8221;4.16&#8243; custom_padding=&#8221;|||&#8221; global_colors_info=&#8221;{}&#8221; custom_padding__hover=&#8221;|||&#8221;][et_pb_text admin_label=&#8221;Text&#8221; _builder_version=&#8221;4.16&#8243; background_size=&#8221;initial&#8221; background_position=&#8221;top_left&#8221; background_repeat=&#8221;repeat&#8221; global_colors_info=&#8221;{}&#8221;]<\/p>\n<h3 style=\"text-align: justify;\">\u00bfQui\u00e9n es el responsable del tratamiento de sus datos?<\/h3>\n<p style=\"text-align: justify;\">Denominaci\u00f3n social: San Fernando Veterinaris SLU .<br \/>CIF: : B09887225<br \/>Domicilio social: Avda. Sant Ferran 49, bajos, 07013, Palma de Mallorca<br \/>Tel\u00e9fono: 971 73 05 46<br \/>Email: cvsanfer@gmail.com<\/p>\n<h3 style=\"text-align: justify;\">\u00bfCon qu\u00e9 finalidad tratamos sus datos personales?<\/h3>\n<p style=\"text-align: justify;\">Tratamos la informaci\u00f3n que nos facilitan los Clientes con el fin de llevar a cabo la gesti\u00f3n del servicio contratado.<\/p>\n<p style=\"text-align: justify;\">Las im\u00e1genes obtenidas con las c\u00e1maras de videovigilancia ser\u00e1n \u00fanicamente destinadas a la finalidad de seguridad y vigilancia de las instalaciones.<\/p>\n<p style=\"text-align: justify;\">\u00a0<strong>\u00bfPor cu\u00e1nto tiempo conservaremos sus datos?<\/strong><\/p>\n<p style=\"text-align: justify;\">Los datos personales proporcionados se conservar\u00e1n mientras se mantenga la relaci\u00f3n contractual con el Cliente y \u00e9ste no hubiera solicitado su supresi\u00f3n, conserv\u00e1ndose una copia, con los datos debidamente bloqueados, en caso que puedan derivarse responsabilidades de la ejecuci\u00f3n de los servicios prestados o que dicha conservaci\u00f3n sea obligatoria en cumplimiento de cualquier norma, y a \u00e9stos solos efectos.<\/p>\n<p style=\"text-align: justify;\">\u00a0<strong>\u00bfCu\u00e1l es la legitimaci\u00f3n para el tratamiento de sus datos?<\/strong><\/p>\n<p style=\"text-align: justify;\">La base legal para el tratamiento de sus datos es la ejecuci\u00f3n del contrato de servicios fundamentada en los t\u00e9rminos y condiciones que constan en el mismo.<\/p>\n<p style=\"text-align: justify;\">La oferta prospectiva o comercial de productos y servicios est\u00e1 basada en el consentimiento solicitado, sin que en ning\u00fan caso la retirada de este consentimiento condicione la ejecuci\u00f3n del contrato de servicios.<\/p>\n<p style=\"text-align: justify;\"><strong>\u00a0<\/strong><strong>\u00bfA qu\u00e9 destinatarios se comunicar\u00e1n sus datos?<\/strong><\/p>\n<p style=\"text-align: justify;\">Los datos se comunicar\u00e1n a gestor\u00edas que nos realizan los tr\u00e1mites fiscales, a administraciones p\u00fablicas para cumplimiento de obligaciones legales,\u00a0 a empresas de mantenimiento inform\u00e1tico, a profesionales aut\u00f3nomos que trabajan en nuestras instalaciones para la propia prestaci\u00f3n del servicio y a otras cl\u00ednicas u hospitales veterinarios a los que se remita su mascota para continuar con el diagn\u00f3stico o tratamiento que precise.<\/p>\n<p style=\"text-align: justify;\"><strong>\u00bfC<\/strong><strong>u\u00e1les son sus derechos cuando nos facilita sus datos?<\/strong><\/p>\n<p style=\"text-align: justify;\">El Cliente tiene derecho a obtener confirmaci\u00f3n sobre si estamos tratando datos personales que les conciernan, o no. Las personas interesadas tienen derecho a si acceder a sus datos personales, as\u00ed como a solicitar la rectificaci\u00f3n de los datos inexactos o, en su caso, solicitar su supresi\u00f3n cuando, entre otros motivos, los datos ya no sean necesarios para los fines que motivaron su recogida.<\/p>\n<p style=\"text-align: justify;\">\u00a0En determinadas circunstancias, el Cliente podr\u00e1 solicitar la limitaci\u00f3n del tratamiento de sus datos, en cuyo caso \u00fanicamente los\u00a0 conservaremos bloqueados para el ejercicio o la defensa de reclamaciones.<\/p>\n<p style=\"text-align: justify;\">\u00a0En determinadas circunstancias y por motivos relacionados con su situaci\u00f3n particular, el Cliente podr\u00e1 oponerse al tratamiento de sus\u00a0 datos, en cuyo caso dejaremos de tratar los datos, salvo por motivos leg\u00edtimos imperiosos, o el ejercicio o la defensa de posibles reclamaciones.<\/p>\n<p style=\"text-align: justify;\">\u00a0Adem\u00e1s de los derechos anteriores, el Cliente tambi\u00e9n tendr\u00e1 el derecho de portabilidad, el derecho a retirar el consentimiento y el derecho a presentar una reclamaci\u00f3n ante la Autoridad de Control. El Cliente dispone de la informaci\u00f3n necesaria en <a href=\"http:\/\/www.agpd.es\">www.agpd.es<\/a><\/p>\n<p style=\"text-align: justify;\">\u00a0Podr\u00e1 ejercitar materialmente sus derechos aportando copia de su DNI o documento oficial que le identifique, mediante el env\u00edo de un mail a cvsanfer@gmail.com o por correo postal dirigi\u00e9ndose a C.V. SAN FERNANDO, Avda. Sant Ferran 49, bajos, 07013, Palma de Mallorca.<\/p>\n<p style=\"text-align: justify;\">\u00a0Las categor\u00edas de datos que se tratan son:<\/p>\n<ul style=\"text-align: justify;\">\n<li>Datos identificativos<\/li>\n<li>Direcci\u00f3n postal o electr\u00f3nica<\/li>\n<li>Datos econ\u00f3micos<\/li>\n<li>Informaci\u00f3n comercial<\/li>\n<\/ul>\n<p style=\"text-align: justify;\">\u00a0No se tratan categor\u00edas de datos especialmente protegidos<\/p>\n<p>[\/et_pb_text][\/et_pb_column][\/et_pb_row][\/et_pb_section]<\/p>\n","protected":false},"excerpt":{"rendered":"<p>\u00bfQui\u00e9n es el responsable del tratamiento de sus datos? Denominaci\u00f3n social: San Fernando Veterinaris SLU .CIF: : B09887225Domicilio social: Avda. Sant Ferran 49, bajos, 07013, Palma de MallorcaTel\u00e9fono: 971 73 05 46Email: cvsanfer@gmail.com \u00bfCon qu\u00e9 finalidad tratamos sus datos personales? Tratamos la informaci\u00f3n que nos facilitan los Clientes con el fin de llevar a cabo [&hellip;]<\/p>\n","protected":false},"author":1,"featured_media":0,"parent":0,"menu_order":0,"comment_status":"closed","ping_status":"closed","template":"","meta":{"_et_pb_use_builder":"on","_et_pb_old_content":"<h3 style=\"text-align: justify;\">\u00bfQui\u00e9n es el responsable del tratamiento de sus datos?<\/h3>\n<p style=\"text-align: justify;\">Identidad: CV San Fernando\u00a0 \u2013 CIF: 42943511-G<\/p>\n<p style=\"text-align: justify;\">Direcci\u00f3n postal: Avda. Sant Ferran 49, 07013 Palma de Mallorca<\/p>\n<p style=\"text-align: justify;\">Tel\u00e9fono: 971730546<\/p>\n<p style=\"text-align: justify;\">Correo electr\u00f3nico: cvsanfer@gmail.com<\/p>\n\n<h3 style=\"text-align: justify;\">\u00bfCon qu\u00e9 finalidad tratamos sus datos personales?<\/h3>\n<p style=\"text-align: justify;\">Tratamos la informaci\u00f3n que nos facilitan los Clientes con el fin de llevar a cabo la gesti\u00f3n del servicio contratado.<\/p>\n<p style=\"text-align: justify;\">Las im\u00e1genes obtenidas con las c\u00e1maras de videovigilancia ser\u00e1n \u00fanicamente destinadas a la finalidad de seguridad y vigilancia de las instalaciones.<\/p>\n<p style=\"text-align: justify;\">\u00a0<strong>\u00bfPor cu\u00e1nto tiempo conservaremos sus datos?<\/strong><\/p>\n<p style=\"text-align: justify;\">Los datos personales proporcionados se conservar\u00e1n mientras se mantenga la relaci\u00f3n contractual con el Cliente y \u00e9ste no hubiera solicitado su supresi\u00f3n, conserv\u00e1ndose una copia, con los datos debidamente bloqueados, en caso que puedan derivarse responsabilidades de la ejecuci\u00f3n de los servicios prestados o que dicha conservaci\u00f3n sea obligatoria en cumplimiento de cualquier norma, y a \u00e9stos solos efectos.<\/p>\n<p style=\"text-align: justify;\">\u00a0<strong>\u00bfCu\u00e1l es la legitimaci\u00f3n para el tratamiento de sus datos?<\/strong><\/p>\n<p style=\"text-align: justify;\">La base legal para el tratamiento de sus datos es la ejecuci\u00f3n del contrato de servicios fundamentada en los t\u00e9rminos y condiciones que constan en el mismo.<\/p>\n<p style=\"text-align: justify;\">La oferta prospectiva o comercial de productos y servicios est\u00e1 basada en el consentimiento solicitado, sin que en ning\u00fan caso la retirada de este consentimiento condicione la ejecuci\u00f3n del contrato de servicios.<\/p>\n<p style=\"text-align: justify;\"><strong>\u00a0<\/strong><strong>\u00bfA qu\u00e9 destinatarios se comunicar\u00e1n sus datos?<\/strong><\/p>\n<p style=\"text-align: justify;\">Los datos se comunicar\u00e1n a gestor\u00edas que nos realizan los tr\u00e1mites fiscales, a administraciones p\u00fablicas para cumplimiento de obligaciones legales,\u00a0 a empresas de mantenimiento inform\u00e1tico, a profesionales aut\u00f3nomos que trabajan en nuestras instalaciones para la propia prestaci\u00f3n del servicio y a otras cl\u00ednicas u hospitales veterinarios a los que se remita su mascota para continuar con el diagn\u00f3stico o tratamiento que precise.<\/p>\n<p style=\"text-align: justify;\"><strong>\u00bfC<\/strong><strong>u\u00e1les son sus derechos cuando nos facilita sus datos?<\/strong><\/p>\n<p style=\"text-align: justify;\">El Cliente tiene derecho a obtener confirmaci\u00f3n sobre si estamos tratando datos personales que les conciernan, o no. Las personas interesadas tienen derecho a si acceder a sus datos personales, as\u00ed como a solicitar la rectificaci\u00f3n de los datos inexactos o, en su caso, solicitar su supresi\u00f3n cuando, entre otros motivos, los datos ya no sean necesarios para los fines que motivaron su recogida.<\/p>\n<p style=\"text-align: justify;\">\u00a0En determinadas circunstancias, el Cliente podr\u00e1 solicitar la limitaci\u00f3n del tratamiento de sus datos, en cuyo caso \u00fanicamente los\u00a0 conservaremos bloqueados para el ejercicio o la defensa de reclamaciones.<\/p>\n<p style=\"text-align: justify;\">\u00a0En determinadas circunstancias y por motivos relacionados con su situaci\u00f3n particular, el Cliente podr\u00e1 oponerse al tratamiento de sus\u00a0 datos, en cuyo caso dejaremos de tratar los datos, salvo por motivos leg\u00edtimos imperiosos, o el ejercicio o la defensa de posibles reclamaciones.<\/p>\n<p style=\"text-align: justify;\">\u00a0Adem\u00e1s de los derechos anteriores, el Cliente tambi\u00e9n tendr\u00e1 el derecho de portabilidad, el derecho a retirar el consentimiento y el derecho a presentar una reclamaci\u00f3n ante la Autoridad de Control. El Cliente dispone de la informaci\u00f3n necesaria en <a href=\"http:\/\/www.agpd.es\">www.agpd.es<\/a><\/p>\n<p style=\"text-align: justify;\">\u00a0Podr\u00e1 ejercitar materialmente sus derechos aportando copia de su DNI o documento oficial que le identifique, mediante el env\u00edo de un mail a cvsanfer@gmail.com o por correo postal dirigi\u00e9ndose a C.V. SAN FERNANDO, Avda. Sant Ferran 49, bajos, 07013, Palma de Mallorca.<\/p>\n<p style=\"text-align: justify;\">\u00a0Las categor\u00edas de datos que se tratan son:<\/p>\n\n<ul style=\"text-align: justify;\">\n\t<li>Datos identificativos<\/li>\n\t<li>Direcci\u00f3n postal o electr\u00f3nica<\/li>\n\t<li>Datos econ\u00f3micos<\/li>\n\t<li>Informaci\u00f3n comercial<\/li>\n<\/ul>\n<p style=\"text-align: justify;\">\u00a0No se tratan categor\u00edas de datos especialmente protegidos<\/p>","_et_gb_content_width":"","footnotes":""},"class_list":["post-2140","page","type-page","status-publish","hentry"],"aioseo_notices":[],"_links":{"self":[{"href":"https:\/\/www.cvsanfernando.com\/en\/wp-json\/wp\/v2\/pages\/2140","targetHints":{"allow":["GET"]}}],"collection":[{"href":"https:\/\/www.cvsanfernando.com\/en\/wp-json\/wp\/v2\/pages"}],"about":[{"href":"https:\/\/www.cvsanfernando.com\/en\/wp-json\/wp\/v2\/types\/page"}],"author":[{"embeddable":true,"href":"https:\/\/www.cvsanfernando.com\/en\/wp-json\/wp\/v2\/users\/1"}],"replies":[{"embeddable":true,"href":"https:\/\/www.cvsanfernando.com\/en\/wp-json\/wp\/v2\/comments?post=2140"}],"version-history":[{"count":0,"href":"https:\/\/www.cvsanfernando.com\/en\/wp-json\/wp\/v2\/pages\/2140\/revisions"}],"wp:attachment":[{"href":"https:\/\/www.cvsanfernando.com\/en\/wp-json\/wp\/v2\/media?parent=2140"}],"curies":[{"name":"wp","href":"https:\/\/api.w.org\/{rel}","templated":true}]}}