{"id":2142,"date":"2018-11-28T12:46:25","date_gmt":"2018-11-28T12:46:25","guid":{"rendered":"https:\/\/www.cvsanfernando.com\/politica-de-cookies\/"},"modified":"2018-11-28T12:46:25","modified_gmt":"2018-11-28T12:46:25","slug":"politica-de-cookies","status":"publish","type":"page","link":"https:\/\/www.cvsanfernando.com\/en\/politica-de-cookies\/","title":{"rendered":"Pol\u00edtica de Cookies"},"content":{"rendered":"<p>[et_pb_section fb_built=&#8221;1&#8243; admin_label=&#8221;section&#8221; _builder_version=&#8221;3.22&#8243;][et_pb_row admin_label=&#8221;row&#8221; _builder_version=&#8221;3.25&#8243; background_size=&#8221;initial&#8221; background_position=&#8221;top_left&#8221; background_repeat=&#8221;repeat&#8221;][et_pb_column type=&#8221;4_4&#8243; _builder_version=&#8221;3.25&#8243; custom_padding=&#8221;|||&#8221; custom_padding__hover=&#8221;|||&#8221;][et_pb_text admin_label=&#8221;Text&#8221; _builder_version=&#8221;3.27.4&#8243; background_size=&#8221;initial&#8221; background_position=&#8221;top_left&#8221; background_repeat=&#8221;repeat&#8221;]<strong>Que son las Cookies<\/strong><br \/>\nUna\u00a0cookie\u00a0es un peque\u00f1o fichero de texto que se almacena en su navegador cuando visita casi cualquier p\u00e1gina web. Su utilidad es que la web sea capaz de recordar su visita cuando vuelva a navegar por esa p\u00e1gina. Se\u00a0suelen almacenar informaci\u00f3n de car\u00e1cter t\u00e9cnico, preferencias personales, personalizaci\u00f3n de contenidos, estad\u00edsticas de uso, enlaces a redes sociales, acceso a cuentas de usuario, etc. El objetivo de la\u00a0cookie\u00a0es adaptar el contenido de la web a su perfil y necesidades, sin\u00a0ellas\u00a0los servicios ofrecidos por cualquier p\u00e1gina se ver\u00edan mermados notablemente. Si desea consultar m\u00e1s informaci\u00f3n sobre qu\u00e9 son las\u00a0cookies, qu\u00e9 almacenan, c\u00f3mo eliminarlas, desactivarlas, etc.,\u00a0le rogamos se dirija a este enlace.<\/p>\n<p><strong>Cookies utilizadas en este sitio web<\/strong><br \/>\nDe acuerdo al RGPD y siguiendo las directrices de la Agencia Espa\u00f1ola de Protecci\u00f3n de Datos procedemos a detallar el uso de\u00a0cookies\u00a0que hace esta web con el fin de informarle con la m\u00e1xima exactitud posible.<\/p>\n<p>Las cookies sirven para mejorar los servicios que te ofrecemos. Algunas son estrictamente necesarias para que la p\u00e1gina funcione bien y otras sirven para mejorar el rendimiento y tu experiencia como usuario.<\/p>\n<p>Cookies anal\u00edticas: Recogen informaci\u00f3n del uso que se realiza del sitio web.<br \/>\nCookies sociales: Son necesarias para las redes sociales externas (Twitter).<br \/>\nCookies t\u00e9cnicas y funcionales: Son las estrictamente necesarias para el uso del sitio Web y para la prestaci\u00f3n del servicio contratado.<\/p>\n<p><strong>De forma m\u00e1s espec\u00edfica en esta p\u00e1gina encontraremos:<\/strong><\/p>\n<p><strong>Cookies propias:<\/strong><\/p>\n<p>PHPSESSID Se trata de una cookie propia. Es imprescindible para proporcionar al usuario los servicios que solicite de la p\u00e1gina. Es una cookie meramente t\u00e9cnica que no almacena informaci\u00f3n personal del usuario para su posterior tratamiento.<\/p>\n<p>Cookie de sesi\u00f3n, para garantizar que los usuarios que escriban comentarios en el blog sean humanos y no aplicaciones automatizadas. De esta forma se combate el\u00a0spam.<\/p>\n<p><strong>Cookies de terceros:<\/strong><\/p>\n<p>Google analytics ( _ga ) Se trata de una cookie de terceros (Google Analytics: http:\/\/www.google.com\/policies\/privacy\/)\u00a0 Habilitan la funci\u00f3n de control de visitas \u00fanicas. La primera vez que el usuario acepte el uso de cookies por parte de nuestra p\u00e1gina a trav\u00e9s de un navegador se instalar\u00e1 esta cookie. Cuando este usuario vuelva a entrar en nuestra p\u00e1gina con el mismo navegador, la cookie considerar\u00e1 que es el mismo usuario. Solo en el caso de que el usuario cambie de navegador, Google Analytics lo considerar\u00e1 otro usuario. Se incluye en cada petici\u00f3n de p\u00e1gina para poder calcular datos de la visita del usuario de cara crear informes estad\u00edsticos.<\/p>\n<p>Redes sociales: Cada red social utiliza sus propias\u00a0cookies\u00a0para que usted pueda pinchar en botones del tipo\u00a0Me gusta\u00a0o\u00a0Compartir.<\/p>\n<p><strong>No utilizamos cookies para:<\/strong><\/p>\n<ul>\n<li>Recoger informaci\u00f3n de identificaci\u00f3n personal<\/li>\n<li>Recoger informaci\u00f3n sensible<\/li>\n<li>Compartir datos de identificaci\u00f3n personal a terceros.<\/li>\n<\/ul>\n<p><strong>Desactivaci\u00f3n o eliminaci\u00f3n de cookies<\/strong><br \/>\nEn cualquier momento podr\u00e1 ejercer su derecho de desactivaci\u00f3n o eliminaci\u00f3n de cookies de este sitio web. Estas acciones se realizan de forma diferente en funci\u00f3n del navegador que est\u00e9 usando.<\/p>\n<p>Si quieres borrar las cookies que tienes en el ordenador, haz clic en \u201cAyuda\u201d del men\u00fa del navegador para ver las instrucciones.<\/p>\n<p>Tambi\u00e9n encontrar\u00e1s m\u00e1s informaci\u00f3n sobre las cookies y c\u00f3mo gestionarlas en\u00a0<a href=\"http:\/\/www.aboutcookies.org\/\">http:\/\/www.aboutcookies.org<\/a>\u00a0(ingl\u00e9s)o en el men\u00fa \u201cAyuda\u201d del navegador.<\/p>\n<p><a href=\"\/mas-informacion-sobre-las-cookies\"><strong>Aqu\u00ed le dejamos una gu\u00eda r\u00e1pida para los navegadores m\u00e1s populares.<\/strong><\/a><\/p>\n<p><strong>Ejemplos de uso de las cookies<\/strong><br \/>\nLas cookies sirven para mejorar algunos servicios, por ejemplo: Habilitan la funcionalidad de ciertos servicios, como los de pago, que no funcionar\u00edan sin esas cookies.<br \/>\nHabilitan un servicio que reconoce tu dispositivo para que no tengas que introducir la misma informaci\u00f3n varias veces durante la misma tarea.<br \/>\nCalculan cu\u00e1ntas personas utilizan los servicios; as\u00ed pueden modificarse para que resulten m\u00e1s sencillos de usar y garantizar que hay capacidad suficiente para que sean r\u00e1pidos.<br \/>\nSi no habilitas las cookies, algunas funciones y p\u00e1ginas no funcionar\u00e1n bien. P<\/p>\n<p><strong>Notas adicionales<\/strong><br \/>\nNi esta web ni sus representantes legales se hacen responsables ni del contenido ni de la veracidad de las pol\u00edticas de privacidad que puedan tener los terceros mencionados en esta pol\u00edtica de\u00a0cookies.<br \/>\nLos navegadores web son las herramientas encargadas de almacenar cada una de las cokie\u00a0y desde este lugar debe efectuar su derecho a eliminaci\u00f3n o desactivaci\u00f3n de las mismas. Ni esta web ni sus representantes legales pueden garantizar la correcta o incorrecta manipulaci\u00f3n de las\u00a0cookies\u00a0por parte de los mencionados navegadores.<br \/>\nEn algunos casos es necesario instalar\u00a0cookies\u00a0para que el navegador no olvide su decisi\u00f3n de no aceptaci\u00f3n de las mismas.<br \/>\nEn el caso de las\u00a0cookies\u00a0de Google Analytics, esta empresa las almacena\u00a0en servidores ubicados en Estados Unidos y se compromete a no compartirla con terceros, excepto en los casos en los que sea necesario para el funcionamiento del sistema o cuando la ley obligue a tal efecto. Seg\u00fan Google no guarda su direcci\u00f3n IP. Google Inc. es una compa\u00f1\u00eda adherida al Acuerdo de Puerto Seguro que garantiza que todos los datos transferidos ser\u00e1n tratados con un nivel de protecci\u00f3n acorde a la normativa europea. Puede consultar informaci\u00f3n detallada a este respecto\u00a0en este enlace. Si desea informaci\u00f3n sobre el uso que Google da a las cookies\u00a0le adjuntamos este otro\u00a0<a href=\"https:\/\/developers.google.com\/analytics\/devguides\/collection\/analyticsjs\/cookie-usage?hl=es&amp;csw=1\">enlace.<\/a><br \/>\nPara cualquier duda o consulta acerca de esta pol\u00edtica de\u00a0cookies\u00a0no dude en comunicarse con nosotros a trav\u00e9s de la secci\u00f3n de contacto.[\/et_pb_text][\/et_pb_column][\/et_pb_row][\/et_pb_section]<\/p>\n","protected":false},"excerpt":{"rendered":"<p>Que son las Cookies Una\u00a0cookie\u00a0es un peque\u00f1o fichero de texto que se almacena en su navegador cuando visita casi cualquier p\u00e1gina web. Su utilidad es que la web sea capaz de recordar su visita cuando vuelva a navegar por esa p\u00e1gina. Se\u00a0suelen almacenar informaci\u00f3n de car\u00e1cter t\u00e9cnico, preferencias personales, personalizaci\u00f3n de contenidos, estad\u00edsticas de uso, [&hellip;]<\/p>\n","protected":false},"author":1,"featured_media":0,"parent":0,"menu_order":0,"comment_status":"closed","ping_status":"closed","template":"","meta":{"_et_pb_use_builder":"on","_et_pb_old_content":"<strong>Que son las Cookies<\/strong>\nUna\u00a0cookie\u00a0es un peque\u00f1o fichero de texto que se almacena en su navegador cuando visita casi cualquier p\u00e1gina web. Su utilidad es que la web sea capaz de recordar su visita cuando vuelva a navegar por esa p\u00e1gina. Se\u00a0suelen almacenar informaci\u00f3n de car\u00e1cter t\u00e9cnico, preferencias personales, personalizaci\u00f3n de contenidos, estad\u00edsticas de uso, enlaces a redes sociales, acceso a cuentas de usuario, etc. El objetivo de la\u00a0cookie\u00a0es adaptar el contenido de la web a su perfil y necesidades, sin\u00a0ellas\u00a0los servicios ofrecidos por cualquier p\u00e1gina se ver\u00edan mermados notablemente. Si desea consultar m\u00e1s informaci\u00f3n sobre qu\u00e9 son las\u00a0cookies, qu\u00e9 almacenan, c\u00f3mo eliminarlas, desactivarlas, etc.,\u00a0le rogamos se dirija a este enlace.\n\n<strong>Cookies utilizadas en este sitio web<\/strong>\nDe acuerdo al RGPD y siguiendo las directrices de la Agencia Espa\u00f1ola de Protecci\u00f3n de Datos procedemos a detallar el uso de\u00a0cookies\u00a0que hace esta web con el fin de informarle con la m\u00e1xima exactitud posible.\n\nLas cookies sirven para mejorar los servicios que te ofrecemos. Algunas son estrictamente necesarias para que la p\u00e1gina funcione bien y otras sirven para mejorar el rendimiento y tu experiencia como usuario.\n\nCookies anal\u00edticas: Recogen informaci\u00f3n del uso que se realiza del sitio web.\nCookies sociales: Son necesarias para las redes sociales externas (Twitter).\nCookies t\u00e9cnicas y funcionales: Son las estrictamente necesarias para el uso del sitio Web y para la prestaci\u00f3n del servicio contratado.\n\n<strong>De forma m\u00e1s espec\u00edfica en esta p\u00e1gina encontraremos:<\/strong>\n\n<strong>Cookies propias:<\/strong>\n\nPHPSESSID Se trata de una cookie propia. Es imprescindible para proporcionar al usuario los servicios que solicite de la p\u00e1gina. Es una cookie meramente t\u00e9cnica que no almacena informaci\u00f3n personal del usuario para su posterior tratamiento.\n\nCookie de sesi\u00f3n, para garantizar que los usuarios que escriban comentarios en el blog sean humanos y no aplicaciones automatizadas. De esta forma se combate el\u00a0spam.\n\n<strong>Cookies de terceros:<\/strong>\n\nGoogle analytics ( _ga ) Se trata de una cookie de terceros (Google Analytics: http:\/\/www.google.com\/policies\/privacy\/)\u00a0 Habilitan la funci\u00f3n de control de visitas \u00fanicas. La primera vez que el usuario acepte el uso de cookies por parte de nuestra p\u00e1gina a trav\u00e9s de un navegador se instalar\u00e1 esta cookie. Cuando este usuario vuelva a entrar en nuestra p\u00e1gina con el mismo navegador, la cookie considerar\u00e1 que es el mismo usuario. Solo en el caso de que el usuario cambie de navegador, Google Analytics lo considerar\u00e1 otro usuario. Se incluye en cada petici\u00f3n de p\u00e1gina para poder calcular datos de la visita del usuario de cara crear informes estad\u00edsticos.\n\nRedes sociales: Cada red social utiliza sus propias\u00a0cookies\u00a0para que usted pueda pinchar en botones del tipo\u00a0Me gusta\u00a0o\u00a0Compartir.\n\n<strong>No utilizamos cookies para:<\/strong>\n<ul>\n\t<li>Recoger informaci\u00f3n de identificaci\u00f3n personal<\/li>\n\t<li>Recoger informaci\u00f3n sensible<\/li>\n\t<li>Compartir datos de identificaci\u00f3n personal a terceros.<\/li>\n<\/ul>\n<strong>Desactivaci\u00f3n o eliminaci\u00f3n de cookies<\/strong>\nEn cualquier momento podr\u00e1 ejercer su derecho de desactivaci\u00f3n o eliminaci\u00f3n de cookies de este sitio web. Estas acciones se realizan de forma diferente en funci\u00f3n del navegador que est\u00e9 usando.\n\nSi quieres borrar las cookies que tienes en el ordenador, haz clic en \u201cAyuda\u201d del men\u00fa del navegador para ver las instrucciones.\n\nTambi\u00e9n encontrar\u00e1s m\u00e1s informaci\u00f3n sobre las cookies y c\u00f3mo gestionarlas en\u00a0<a href=\"http:\/\/www.aboutcookies.org\/\">http:\/\/www.aboutcookies.org<\/a>\u00a0(ingl\u00e9s)o en el men\u00fa \u201cAyuda\u201d del navegador.\n\n<a href=\"\/mas-informacion-sobre-las-cookies\"><strong>Aqu\u00ed le dejamos una gu\u00eda r\u00e1pida para los navegadores m\u00e1s populares.<\/strong><\/a>\n\n<strong>Ejemplos de uso de las cookies<\/strong>\nLas cookies sirven para mejorar algunos servicios, por ejemplo: Habilitan la funcionalidad de ciertos servicios, como los de pago, que no funcionar\u00edan sin esas cookies.\nHabilitan un servicio que reconoce tu dispositivo para que no tengas que introducir la misma informaci\u00f3n varias veces durante la misma tarea.\nCalculan cu\u00e1ntas personas utilizan los servicios; as\u00ed pueden modificarse para que resulten m\u00e1s sencillos de usar y garantizar que hay capacidad suficiente para que sean r\u00e1pidos.\nSi no habilitas las cookies, algunas funciones y p\u00e1ginas no funcionar\u00e1n bien. P\n\n<strong>Notas adicionales<\/strong>\nNi esta web ni sus representantes legales se hacen responsables ni del contenido ni de la veracidad de las pol\u00edticas de privacidad que puedan tener los terceros mencionados en esta pol\u00edtica de\u00a0cookies.\nLos navegadores web son las herramientas encargadas de almacenar cada una de las cokie\u00a0y desde este lugar debe efectuar su derecho a eliminaci\u00f3n o desactivaci\u00f3n de las mismas. Ni esta web ni sus representantes legales pueden garantizar la correcta o incorrecta manipulaci\u00f3n de las\u00a0cookies\u00a0por parte de los mencionados navegadores.\nEn algunos casos es necesario instalar\u00a0cookies\u00a0para que el navegador no olvide su decisi\u00f3n de no aceptaci\u00f3n de las mismas.\nEn el caso de las\u00a0cookies\u00a0de Google Analytics, esta empresa las almacena\u00a0en servidores ubicados en Estados Unidos y se compromete a no compartirla con terceros, excepto en los casos en los que sea necesario para el funcionamiento del sistema o cuando la ley obligue a tal efecto. Seg\u00fan Google no guarda su direcci\u00f3n IP. Google Inc. es una compa\u00f1\u00eda adherida al Acuerdo de Puerto Seguro que garantiza que todos los datos transferidos ser\u00e1n tratados con un nivel de protecci\u00f3n acorde a la normativa europea. Puede consultar informaci\u00f3n detallada a este respecto\u00a0en este enlace. Si desea informaci\u00f3n sobre el uso que Google da a las cookies\u00a0le adjuntamos este otro\u00a0<a href=\"https:\/\/developers.google.com\/analytics\/devguides\/collection\/analyticsjs\/cookie-usage?hl=es&amp;csw=1\">enlace.<\/a>\nPara cualquier duda o consulta acerca de esta pol\u00edtica de\u00a0cookies\u00a0no dude en comunicarse con nosotros a trav\u00e9s de la secci\u00f3n de contacto.","_et_gb_content_width":"","footnotes":""},"class_list":["post-2142","page","type-page","status-publish","hentry"],"aioseo_notices":[],"_links":{"self":[{"href":"https:\/\/www.cvsanfernando.com\/en\/wp-json\/wp\/v2\/pages\/2142","targetHints":{"allow":["GET"]}}],"collection":[{"href":"https:\/\/www.cvsanfernando.com\/en\/wp-json\/wp\/v2\/pages"}],"about":[{"href":"https:\/\/www.cvsanfernando.com\/en\/wp-json\/wp\/v2\/types\/page"}],"author":[{"embeddable":true,"href":"https:\/\/www.cvsanfernando.com\/en\/wp-json\/wp\/v2\/users\/1"}],"replies":[{"embeddable":true,"href":"https:\/\/www.cvsanfernando.com\/en\/wp-json\/wp\/v2\/comments?post=2142"}],"version-history":[{"count":0,"href":"https:\/\/www.cvsanfernando.com\/en\/wp-json\/wp\/v2\/pages\/2142\/revisions"}],"wp:attachment":[{"href":"https:\/\/www.cvsanfernando.com\/en\/wp-json\/wp\/v2\/media?parent=2142"}],"curies":[{"name":"wp","href":"https:\/\/api.w.org\/{rel}","templated":true}]}}